{"id":1600,"date":"2022-08-20T23:49:18","date_gmt":"2022-08-21T02:49:18","guid":{"rendered":"https:\/\/decoespana.es\/en\/?page_id=1600"},"modified":"2022-08-20T23:56:07","modified_gmt":"2022-08-21T02:56:07","slug":"vi-f32-2","status":"publish","type":"page","link":"https:\/\/decoespana.es\/en\/productos\/vi-f32-2\/","title":{"rendered":"VI F32"},"content":{"rendered":"\t\t<div data-elementor-type=\"wp-page\" data-elementor-id=\"1600\" class=\"elementor elementor-1600\">\n\t\t\t\t\t\t<section class=\"elementor-section elementor-top-section elementor-element elementor-element-745fa71 elementor-section-height-min-height elementor-section-items-bottom elementor-section-boxed elementor-section-height-default\" data-id=\"745fa71\" data-element_type=\"section\" data-e-type=\"section\" data-settings=\"{&quot;background_background&quot;:&quot;classic&quot;}\">\n\t\t\t\t\t\t\t<div class=\"elementor-background-overlay\"><\/div>\n\t\t\t\t\t\t\t<div class=\"elementor-container elementor-column-gap-default\">\n\t\t\t\t\t<div class=\"elementor-column elementor-col-50 elementor-top-column elementor-element elementor-element-5a26b3dd\" data-id=\"5a26b3dd\" data-element_type=\"column\" data-e-type=\"column\">\n\t\t\t<div class=\"elementor-widget-wrap elementor-element-populated\">\n\t\t\t\t\t\t<div class=\"elementor-element elementor-element-4a46a79c elementor-widget elementor-widget-heading\" data-id=\"4a46a79c\" data-element_type=\"widget\" data-e-type=\"widget\" data-widget_type=\"heading.default\">\n\t\t\t\t<div class=\"elementor-widget-container\">\n\t\t\t\t\t<h1 class=\"elementor-heading-title elementor-size-default\">CESPED SINT\u00c9TICO<\/h1>\t\t\t\t<\/div>\n\t\t\t\t<\/div>\n\t\t\t\t<div class=\"elementor-element elementor-element-539ca7be elementor-hidden-phone elementor-widget elementor-widget-spacer\" data-id=\"539ca7be\" data-element_type=\"widget\" data-e-type=\"widget\" data-widget_type=\"spacer.default\">\n\t\t\t\t<div class=\"elementor-widget-container\">\n\t\t\t\t\t\t\t<div class=\"elementor-spacer\">\n\t\t\t<div class=\"elementor-spacer-inner\"><\/div>\n\t\t<\/div>\n\t\t\t\t\t\t<\/div>\n\t\t\t\t<\/div>\n\t\t\t\t\t<\/div>\n\t\t<\/div>\n\t\t\t\t<div class=\"elementor-column elementor-col-50 elementor-top-column elementor-element elementor-element-664b7c50\" data-id=\"664b7c50\" data-element_type=\"column\" data-e-type=\"column\">\n\t\t\t<div class=\"elementor-widget-wrap\">\n\t\t\t\t\t\t\t<\/div>\n\t\t<\/div>\n\t\t\t\t\t<\/div>\n\t\t<\/section>\n\t\t\t\t<section class=\"elementor-section elementor-top-section elementor-element elementor-element-7cefbe0e elementor-reverse-mobile elementor-section-boxed elementor-section-height-default elementor-section-height-default\" data-id=\"7cefbe0e\" data-element_type=\"section\" data-e-type=\"section\">\n\t\t\t\t\t\t<div class=\"elementor-container elementor-column-gap-default\">\n\t\t\t\t\t<div class=\"elementor-column elementor-col-50 elementor-top-column elementor-element elementor-element-6a649d39\" data-id=\"6a649d39\" data-element_type=\"column\" data-e-type=\"column\">\n\t\t\t<div class=\"elementor-widget-wrap elementor-element-populated\">\n\t\t\t\t\t\t<div class=\"elementor-element elementor-element-6c0e51d8 elementor-widget elementor-widget-heading\" data-id=\"6c0e51d8\" data-element_type=\"widget\" data-e-type=\"widget\" data-widget_type=\"heading.default\">\n\t\t\t\t<div class=\"elementor-widget-container\">\n\t\t\t\t\t<h2 class=\"elementor-heading-title elementor-size-default\">VI F32<\/h2>\t\t\t\t<\/div>\n\t\t\t\t<\/div>\n\t\t\t\t<div class=\"elementor-element elementor-element-3260a580 elementor-widget-divider--view-line_text elementor-widget-divider--element-align-right elementor-widget elementor-widget-divider\" data-id=\"3260a580\" data-element_type=\"widget\" data-e-type=\"widget\" data-widget_type=\"divider.default\">\n\t\t\t\t<div class=\"elementor-widget-container\">\n\t\t\t\t\t\t\t<div class=\"elementor-divider\">\n\t\t\t<span class=\"elementor-divider-separator\">\n\t\t\t\t\t\t\t<span class=\"elementor-divider__text elementor-divider__element\">\n\t\t\t\tCalidad\t\t\t\t<\/span>\n\t\t\t\t\t\t<\/span>\n\t\t<\/div>\n\t\t\t\t\t\t<\/div>\n\t\t\t\t<\/div>\n\t\t\t\t\t<\/div>\n\t\t<\/div>\n\t\t\t\t<div class=\"elementor-column elementor-col-50 elementor-top-column elementor-element elementor-element-564d4ea0\" data-id=\"564d4ea0\" data-element_type=\"column\" data-e-type=\"column\" data-settings=\"{&quot;background_background&quot;:&quot;classic&quot;}\">\n\t\t\t<div class=\"elementor-widget-wrap\">\n\t\t\t\t\t\t\t<\/div>\n\t\t<\/div>\n\t\t\t\t\t<\/div>\n\t\t<\/section>\n\t\t\t\t<section class=\"elementor-section elementor-top-section elementor-element elementor-element-37e8484f elementor-section-boxed elementor-section-height-default elementor-section-height-default\" data-id=\"37e8484f\" data-element_type=\"section\" data-e-type=\"section\" data-settings=\"{&quot;background_background&quot;:&quot;classic&quot;}\">\n\t\t\t\t\t\t\t<div class=\"elementor-background-overlay\"><\/div>\n\t\t\t\t\t\t\t<div class=\"elementor-container elementor-column-gap-default\">\n\t\t\t\t\t<div class=\"elementor-column elementor-col-100 elementor-top-column elementor-element elementor-element-4074ac4f\" data-id=\"4074ac4f\" data-element_type=\"column\" data-e-type=\"column\">\n\t\t\t<div class=\"elementor-widget-wrap elementor-element-populated\">\n\t\t\t\t\t\t<section class=\"elementor-section elementor-inner-section elementor-element elementor-element-66bb7dcd elementor-section-height-min-height elementor-section-boxed elementor-section-height-default elementor-invisible\" data-id=\"66bb7dcd\" data-element_type=\"section\" data-e-type=\"section\" data-settings=\"{&quot;background_background&quot;:&quot;classic&quot;,&quot;animation&quot;:&quot;slideInRight&quot;}\">\n\t\t\t\t\t\t<div class=\"elementor-container elementor-column-gap-default\">\n\t\t\t\t\t<div class=\"elementor-column elementor-col-50 elementor-inner-column elementor-element elementor-element-2baec661 elementor-invisible\" data-id=\"2baec661\" data-element_type=\"column\" data-e-type=\"column\" data-settings=\"{&quot;background_background&quot;:&quot;classic&quot;,&quot;animation&quot;:&quot;fadeIn&quot;,&quot;animation_mobile&quot;:&quot;none&quot;}\">\n\t\t\t<div class=\"elementor-widget-wrap elementor-element-populated\">\n\t\t\t\t\t<div class=\"elementor-background-overlay\"><\/div>\n\t\t\t\t\t\t<div class=\"elementor-element elementor-element-440f995e elementor-align-left elementor-widget elementor-widget-button\" data-id=\"440f995e\" data-element_type=\"widget\" data-e-type=\"widget\" data-widget_type=\"button.default\">\n\t\t\t\t<div class=\"elementor-widget-container\">\n\t\t\t\t\t\t\t\t\t<div class=\"elementor-button-wrapper\">\n\t\t\t\t\t<a class=\"elementor-button elementor-button-link elementor-size-sm\" href=\"#\">\n\t\t\t\t\t\t<span class=\"elementor-button-content-wrapper\">\n\t\t\t\t\t\t\t\t\t<span class=\"elementor-button-text\">VI F32<\/span>\n\t\t\t\t\t<\/span>\n\t\t\t\t\t<\/a>\n\t\t\t\t<\/div>\n\t\t\t\t\t\t\t\t<\/div>\n\t\t\t\t<\/div>\n\t\t\t\t\t<\/div>\n\t\t<\/div>\n\t\t\t\t<div class=\"elementor-column elementor-col-50 elementor-inner-column elementor-element elementor-element-df1b9a3 elementor-invisible\" data-id=\"df1b9a3\" data-element_type=\"column\" data-e-type=\"column\" data-settings=\"{&quot;background_background&quot;:&quot;classic&quot;,&quot;animation&quot;:&quot;fadeIn&quot;,&quot;animation_mobile&quot;:&quot;none&quot;}\">\n\t\t\t<div class=\"elementor-widget-wrap elementor-element-populated\">\n\t\t\t\t\t<div class=\"elementor-background-overlay\"><\/div>\n\t\t\t\t\t\t<div class=\"elementor-element elementor-element-7ae1aafd elementor-widget elementor-widget-heading\" data-id=\"7ae1aafd\" data-element_type=\"widget\" data-e-type=\"widget\" data-widget_type=\"heading.default\">\n\t\t\t\t<div class=\"elementor-widget-container\">\n\t\t\t\t\t<h2 class=\"elementor-heading-title elementor-size-default\">VI F32<\/h2>\t\t\t\t<\/div>\n\t\t\t\t<\/div>\n\t\t\t\t<div class=\"elementor-element elementor-element-3d5194fd elementor-widget elementor-widget-text-editor\" data-id=\"3d5194fd\" data-element_type=\"widget\" data-e-type=\"widget\" data-widget_type=\"text-editor.default\">\n\t\t\t\t<div class=\"elementor-widget-container\">\n\t\t\t\t\t\t\t\t\t<p class=\"elementor-image-box-description\">El VI F32 es un producto fabricado especialmente para m\u00faltiples \u00e1reas. Tiene un sistema tufting resto, con mezcla de fibras de polietileno y polipropileno monofilamento en forma acorde\u00f3n y fibrilado, cosidas en l\u00ednea sobre soporte de doble capa de polipropileno de alta estabilidad dimensional y reforzado con fleeze. Esta mezcla, con una gran cantidad de fibras y un tacto muy suave, mejora la verticalidad de los filamentos. Es un producto especialmente indicado para jardines en zonas de mucho tr\u00e1nsito, zonas pr\u00f3ximas a piscinas y terrazas.<\/p>\t\t\t\t\t\t\t\t<\/div>\n\t\t\t\t<\/div>\n\t\t\t\t\t<\/div>\n\t\t<\/div>\n\t\t\t\t\t<\/div>\n\t\t<\/section>\n\t\t\t\t<section class=\"elementor-section elementor-inner-section elementor-element elementor-element-44b3050 elementor-section-boxed elementor-section-height-default elementor-section-height-default\" data-id=\"44b3050\" data-element_type=\"section\" data-e-type=\"section\">\n\t\t\t\t\t\t<div class=\"elementor-container elementor-column-gap-default\">\n\t\t\t\t\t<div class=\"elementor-column elementor-col-50 elementor-inner-column elementor-element elementor-element-69246bc\" data-id=\"69246bc\" data-element_type=\"column\" data-e-type=\"column\">\n\t\t\t<div class=\"elementor-widget-wrap elementor-element-populated\">\n\t\t\t\t\t\t<div class=\"elementor-element elementor-element-c16f17d elementor-widget elementor-widget-text-editor\" data-id=\"c16f17d\" data-element_type=\"widget\" data-e-type=\"widget\" data-widget_type=\"text-editor.default\">\n\t\t\t\t<div class=\"elementor-widget-container\">\n\t\t\t\t\t\t\t\t\t<p><strong>Propiedades del Hilado<\/strong><\/p><table><tbody><tr><td><p><strong>Tipo:<\/strong><\/p><\/td><td><p>Mix Monofilamentos<\/p><\/td><\/tr><tr><td><p><strong>Composici\u00f3n:<\/strong><\/p><\/td><td><p>55%PE \u2013 45%PP<\/p><\/td><\/tr><tr><td><p><strong>Dtex:<\/strong><\/p><\/td><td><p>7.700 DTex (+\/- 5%)<\/p><\/td><\/tr><tr><td><p><strong>Peso:<\/strong><\/p><\/td><td><p>1.120 gr\/m\u00b2\u00a0 (+\/- 10%)<\/p><\/td><\/tr><\/tbody><\/table>\t\t\t\t\t\t\t\t<\/div>\n\t\t\t\t<\/div>\n\t\t\t\t\t<\/div>\n\t\t<\/div>\n\t\t\t\t<div class=\"elementor-column elementor-col-50 elementor-inner-column elementor-element elementor-element-6ad1778\" data-id=\"6ad1778\" data-element_type=\"column\" data-e-type=\"column\">\n\t\t\t<div class=\"elementor-widget-wrap elementor-element-populated\">\n\t\t\t\t\t\t<div class=\"elementor-element elementor-element-11584d7 elementor-widget elementor-widget-text-editor\" data-id=\"11584d7\" data-element_type=\"widget\" data-e-type=\"widget\" data-widget_type=\"text-editor.default\">\n\t\t\t\t<div class=\"elementor-widget-container\">\n\t\t\t\t\t\t\t\t\t<p><strong>Caracter\u00edsticas del soporte<\/strong><\/p><table><tbody><tr><td><p><strong>Tipo:<\/strong><\/p><\/td><td colspan=\"2\"><p>Backing reforzado con fleece<\/p><\/td><\/tr><tr><td><p><strong>Composici\u00f3n:<\/strong><\/p><\/td><td colspan=\"2\"><p>Polipropileno<\/p><\/td><\/tr><tr><td colspan=\"2\"><p><strong>Acabado:<\/strong><\/p><\/td><\/tr><tr><td><p><strong>Composici\u00f3n:<\/strong><\/p><\/td><td><p>Marine Backing<\/p><\/td><\/tr><tr><td><p><strong>Tipo:<\/strong><\/p><\/td><td><p>Aplicaci\u00f3n Rasqueta<\/p><\/td><\/tr><\/tbody><\/table>\t\t\t\t\t\t\t\t<\/div>\n\t\t\t\t<\/div>\n\t\t\t\t\t<\/div>\n\t\t<\/div>\n\t\t\t\t\t<\/div>\n\t\t<\/section>\n\t\t\t\t<section class=\"elementor-section elementor-inner-section elementor-element elementor-element-9300578 elementor-section-boxed elementor-section-height-default elementor-section-height-default\" data-id=\"9300578\" data-element_type=\"section\" data-e-type=\"section\">\n\t\t\t\t\t\t<div class=\"elementor-container elementor-column-gap-default\">\n\t\t\t\t\t<div class=\"elementor-column elementor-col-50 elementor-inner-column elementor-element elementor-element-21ef699d\" data-id=\"21ef699d\" data-element_type=\"column\" data-e-type=\"column\">\n\t\t\t<div class=\"elementor-widget-wrap elementor-element-populated\">\n\t\t\t\t\t\t<div class=\"elementor-element elementor-element-1369b756 elementor-widget elementor-widget-text-editor\" data-id=\"1369b756\" data-element_type=\"widget\" data-e-type=\"widget\" data-widget_type=\"text-editor.default\">\n\t\t\t\t<div class=\"elementor-widget-container\">\n\t\t\t\t\t\t\t\t\t<p><strong>Producto<\/strong><\/p><table><tbody><tr><td><p><strong>Galga:<\/strong><\/p><\/td><td><p>3\/8\u201d<\/p><\/td><\/tr><tr><td><p><strong>Altura Hilo:<\/strong><\/p><\/td><td><p>30mm (+\/- 5%)<\/p><\/td><\/tr><tr><td><p><strong>Puntadas por mt. lineal:<\/strong><\/p><\/td><td><p>185 (+\/- 10%)<\/p><\/td><\/tr><tr><td><p><strong>Puntadas por m2:<\/strong><\/p><\/td><td><p>19.425 (+\/- 10%)<\/p><\/td><\/tr><\/tbody><\/table>\t\t\t\t\t\t\t\t<\/div>\n\t\t\t\t<\/div>\n\t\t\t\t\t<\/div>\n\t\t<\/div>\n\t\t\t\t<div class=\"elementor-column elementor-col-50 elementor-inner-column elementor-element elementor-element-47bd244b\" data-id=\"47bd244b\" data-element_type=\"column\" data-e-type=\"column\">\n\t\t\t<div class=\"elementor-widget-wrap elementor-element-populated\">\n\t\t\t\t\t\t<div class=\"elementor-element elementor-element-7054bd16 elementor-widget elementor-widget-text-editor\" data-id=\"7054bd16\" data-element_type=\"widget\" data-e-type=\"widget\" data-widget_type=\"text-editor.default\">\n\t\t\t\t<div class=\"elementor-widget-container\">\n\t\t\t\t\t\t\t\t\t<p><strong>Soporte Primario:<\/strong><\/p><table><tbody><tr><td><strong>Tipo:<\/strong><\/td><td>Backing reforzado con fleece<\/td><\/tr><tr><td><strong>Composici\u00f3n:<\/strong><\/td><td>Polipropileno<\/td><\/tr><\/tbody><\/table><p><strong>Acabado:<\/strong><\/p><table><tbody><tr><td colspan=\"2\"><strong>Composici\u00f3n:<\/strong><\/td><td colspan=\"2\">Marine Backing<\/td><\/tr><tr><td colspan=\"2\"><strong>Tipo:<\/strong><\/td><td colspan=\"2\">Aplicaci\u00f3n Rasqueta<\/td><\/tr><tr><td colspan=\"3\">\u00a0<\/td><\/tr><tr><td><strong>Garant\u00eda:<\/strong><\/td><td colspan=\"2\">800 KLY<\/td><\/tr><\/tbody><\/table>\t\t\t\t\t\t\t\t<\/div>\n\t\t\t\t<\/div>\n\t\t\t\t\t<\/div>\n\t\t<\/div>\n\t\t\t\t\t<\/div>\n\t\t<\/section>\n\t\t\t\t\t<\/div>\n\t\t<\/div>\n\t\t\t\t\t<\/div>\n\t\t<\/section>\n\t\t\t\t<\/div>\n\t\t","protected":false},"excerpt":{"rendered":"<p>CESPED SINT\u00c9TICO VI F32 Calidad VI F32 VI F32 El VI F32 es un producto fabricado especialmente para m\u00faltiples \u00e1reas. Tiene un sistema tufting resto, con mezcla de fibras de polietileno y polipropileno monofilamento en forma acorde\u00f3n y fibrilado, cosidas en l\u00ednea sobre soporte de doble capa de polipropileno de alta estabilidad dimensional y reforzado&#8230;<\/p>\n","protected":false},"author":1,"featured_media":0,"parent":1263,"menu_order":0,"comment_status":"closed","ping_status":"closed","template":"elementor_header_footer","meta":{"_kadence_starter_templates_imported_post":false,"_kad_post_transparent":"default","_kad_post_title":"hide","_kad_post_layout":"fullwidth","_kad_post_sidebar_id":"","_kad_post_content_style":"unboxed","_kad_post_vertical_padding":"hide","_kad_post_feature":"hide","_kad_post_feature_position":"","_kad_post_header":false,"_kad_post_footer":false,"_kad_post_classname":"","_joinchat":[],"footnotes":""},"class_list":["post-1600","page","type-page","status-publish","hentry"],"_links":{"self":[{"href":"https:\/\/decoespana.es\/en\/wp-json\/wp\/v2\/pages\/1600","targetHints":{"allow":["GET"]}}],"collection":[{"href":"https:\/\/decoespana.es\/en\/wp-json\/wp\/v2\/pages"}],"about":[{"href":"https:\/\/decoespana.es\/en\/wp-json\/wp\/v2\/types\/page"}],"author":[{"embeddable":true,"href":"https:\/\/decoespana.es\/en\/wp-json\/wp\/v2\/users\/1"}],"replies":[{"embeddable":true,"href":"https:\/\/decoespana.es\/en\/wp-json\/wp\/v2\/comments?post=1600"}],"version-history":[{"count":7,"href":"https:\/\/decoespana.es\/en\/wp-json\/wp\/v2\/pages\/1600\/revisions"}],"predecessor-version":[{"id":1607,"href":"https:\/\/decoespana.es\/en\/wp-json\/wp\/v2\/pages\/1600\/revisions\/1607"}],"up":[{"embeddable":true,"href":"https:\/\/decoespana.es\/en\/wp-json\/wp\/v2\/pages\/1263"}],"wp:attachment":[{"href":"https:\/\/decoespana.es\/en\/wp-json\/wp\/v2\/media?parent=1600"}],"curies":[{"name":"wp","href":"https:\/\/api.w.org\/{rel}","templated":true}]}}